{"id":937,"date":"2024-08-18T16:38:22","date_gmt":"2024-08-18T16:38:22","guid":{"rendered":"https:\/\/kuru.msg9090.webd.pl\/?page_id=937"},"modified":"2024-08-18T19:03:00","modified_gmt":"2024-08-18T19:03:00","slug":"lista-kursow","status":"publish","type":"page","link":"https:\/\/kuru.com.pl\/?page_id=937","title":{"rendered":"Lista kurs\u00f3w"},"content":{"rendered":"\t\t<div data-elementor-type=\"wp-page\" data-elementor-id=\"937\" class=\"elementor elementor-937\">\n\t\t\t\t<div class=\"elementor-element elementor-element-5ec2fb2 e-flex e-con-boxed e-con e-parent\" data-id=\"5ec2fb2\" data-element_type=\"container\" data-e-type=\"container\">\n\t\t\t\t\t<div class=\"e-con-inner\">\n\t\t\t\t<div class=\"elementor-element elementor-element-4365e232 elementor-widget__width-initial elementor-widget elementor-widget-heading\" data-id=\"4365e232\" data-element_type=\"widget\" data-e-type=\"widget\" data-widget_type=\"heading.default\">\n\t\t\t\t<div class=\"elementor-widget-container\">\n\t\t\t\t\t<h2 class=\"elementor-heading-title elementor-size-default\">Wybierz co\u015b dla siebie<\/h2>\t\t\t\t<\/div>\n\t\t\t\t<\/div>\n\t\t\t\t<div class=\"elementor-element elementor-element-72b41aa elementor-widget elementor-widget-text-editor\" data-id=\"72b41aa\" data-element_type=\"widget\" data-e-type=\"widget\" data-widget_type=\"text-editor.default\">\n\t\t\t\t<div class=\"elementor-widget-container\">\n\t\t\t\t\t\t\t\t\t<p>Lista poni\u017cej zawiera zbi\u00f3r tego, co przygotowali\u015bmy dla Ciebie.<\/p>\t\t\t\t\t\t\t\t<\/div>\n\t\t\t\t<\/div>\n\t\t\t\t\t<\/div>\n\t\t\t\t<\/div>\n\t\t<div class=\"elementor-element elementor-element-ffc39c6 e-flex e-con-boxed e-con e-parent\" data-id=\"ffc39c6\" data-element_type=\"container\" data-e-type=\"container\">\n\t\t\t\t\t<div class=\"e-con-inner\">\n\t\t\t\t<div class=\"elementor-element elementor-element-815b060 elementor-position-left elementor-vertical-align-top elementor-widget elementor-widget-image-box\" data-id=\"815b060\" data-element_type=\"widget\" data-e-type=\"widget\" data-widget_type=\"image-box.default\">\n\t\t\t\t<div class=\"elementor-widget-container\">\n\t\t\t\t\t<div class=\"elementor-image-box-wrapper\"><figure class=\"elementor-image-box-img\"><a href=\"?page_id=264\" tabindex=\"-1\"><img fetchpriority=\"high\" decoding=\"async\" width=\"2560\" height=\"2560\" src=\"https:\/\/kuru.com.pl\/wp-content\/uploads\/2024\/08\/3d-rendering-kid-playing-digital-game-1-scaled.jpg\" class=\"attachment-full size-full wp-image-377\" alt=\"\" srcset=\"https:\/\/kuru.com.pl\/wp-content\/uploads\/2024\/08\/3d-rendering-kid-playing-digital-game-1-scaled.jpg 2560w, https:\/\/kuru.com.pl\/wp-content\/uploads\/2024\/08\/3d-rendering-kid-playing-digital-game-1-300x300.jpg 300w, https:\/\/kuru.com.pl\/wp-content\/uploads\/2024\/08\/3d-rendering-kid-playing-digital-game-1-1024x1024.jpg 1024w, https:\/\/kuru.com.pl\/wp-content\/uploads\/2024\/08\/3d-rendering-kid-playing-digital-game-1-150x150.jpg 150w, https:\/\/kuru.com.pl\/wp-content\/uploads\/2024\/08\/3d-rendering-kid-playing-digital-game-1-768x768.jpg 768w, https:\/\/kuru.com.pl\/wp-content\/uploads\/2024\/08\/3d-rendering-kid-playing-digital-game-1-1536x1536.jpg 1536w, https:\/\/kuru.com.pl\/wp-content\/uploads\/2024\/08\/3d-rendering-kid-playing-digital-game-1-2048x2048.jpg 2048w\" sizes=\"(max-width: 2560px) 100vw, 2560px\" \/><\/a><\/figure><div class=\"elementor-image-box-content\"><h3 class=\"elementor-image-box-title\"><a href=\"?page_id=264\">Zbuduj Swoj\u0105 Gr\u0119<\/a><\/h3><p class=\"elementor-image-box-description\">Niewymagaj\u0105cy \u017cadnych umiej\u0119tno\u015bci programistycznych, kurs dla m\u0142odych i ambitnych, kt\u00f3rzy chc\u0105 wykorzysta\u0107 swoje pomys\u0142y i stworzy\u0107 co\u015b wyj\u0105tkowego. Kurs dla szk\u00f3\u0142 podstawowych przeprowadza uczestnik\u00f3w przez pe\u0142en cykl powstawania gry komputerowej w \u015brodowisku Clickteam Fusion.<\/p><\/div><\/div>\t\t\t\t<\/div>\n\t\t\t\t<\/div>\n\t\t\t\t\t<\/div>\n\t\t\t\t<\/div>\n\t\t<div class=\"elementor-element elementor-element-d5a71b8 e-flex e-con-boxed e-con e-parent\" data-id=\"d5a71b8\" data-element_type=\"container\" data-e-type=\"container\">\n\t\t\t\t\t<div class=\"e-con-inner\">\n\t\t\t\t<div class=\"elementor-element elementor-element-116c21f elementor-position-left elementor-vertical-align-top elementor-widget elementor-widget-image-box\" data-id=\"116c21f\" data-element_type=\"widget\" data-e-type=\"widget\" data-widget_type=\"image-box.default\">\n\t\t\t\t<div class=\"elementor-widget-container\">\n\t\t\t\t\t<div class=\"elementor-image-box-wrapper\"><figure class=\"elementor-image-box-img\"><a href=\"?page_id=265\" tabindex=\"-1\"><img decoding=\"async\" width=\"512\" height=\"512\" src=\"https:\/\/kuru.com.pl\/wp-content\/uploads\/2024\/08\/Leonardo_Phoenix_A_focused_male_adolescent_with_a_lean_build_l_0.webp\" class=\"attachment-full size-full wp-image-939\" alt=\"\" srcset=\"https:\/\/kuru.com.pl\/wp-content\/uploads\/2024\/08\/Leonardo_Phoenix_A_focused_male_adolescent_with_a_lean_build_l_0.webp 512w, https:\/\/kuru.com.pl\/wp-content\/uploads\/2024\/08\/Leonardo_Phoenix_A_focused_male_adolescent_with_a_lean_build_l_0-300x300.webp 300w, https:\/\/kuru.com.pl\/wp-content\/uploads\/2024\/08\/Leonardo_Phoenix_A_focused_male_adolescent_with_a_lean_build_l_0-150x150.webp 150w\" sizes=\"(max-width: 512px) 100vw, 512px\" \/><\/a><\/figure><div class=\"elementor-image-box-content\"><h3 class=\"elementor-image-box-title\"><a href=\"?page_id=265\">Zaprogramuj Swoj\u0105 Gr\u0119<\/a><\/h3><p class=\"elementor-image-box-description\">Przygoda dla nieco bardziej do\u015bwiadczonej m\u0142odzie\u017cy szk\u00f3\u0142 \u015brednich, kt\u00f3ra posiad\u0142a ju\u017c podstawow\u0105 wiedz\u0119 z zakresu game devu i nie zniech\u0119c\u0105 si\u0119 odrobin\u0105 programowania. Kurs przeprowadza uczestnik\u00f3w przez pe\u0142en cykl powstawania gry komputerowej w \u015brodowisku Godot.<\/p><\/div><\/div>\t\t\t\t<\/div>\n\t\t\t\t<\/div>\n\t\t\t\t\t<\/div>\n\t\t\t\t<\/div>\n\t\t<div class=\"elementor-element elementor-element-7d96d9c e-flex e-con-boxed e-con e-parent\" data-id=\"7d96d9c\" data-element_type=\"container\" data-e-type=\"container\">\n\t\t\t\t\t<div class=\"e-con-inner\">\n\t\t\t\t<div class=\"elementor-element elementor-element-7a3b7b8 elementor-position-left elementor-vertical-align-top elementor-widget elementor-widget-image-box\" data-id=\"7a3b7b8\" data-element_type=\"widget\" data-e-type=\"widget\" data-widget_type=\"image-box.default\">\n\t\t\t\t<div class=\"elementor-widget-container\">\n\t\t\t\t\t<div class=\"elementor-image-box-wrapper\"><figure class=\"elementor-image-box-img\"><a href=\"?page_id=263\" tabindex=\"-1\"><img decoding=\"async\" width=\"790\" height=\"696\" src=\"https:\/\/kuru.com.pl\/wp-content\/uploads\/2024\/08\/2024-08-18-18_45_37-PAKJPython-send-2023-PowerPoint.png\" class=\"attachment-full size-full wp-image-942\" alt=\"\" srcset=\"https:\/\/kuru.com.pl\/wp-content\/uploads\/2024\/08\/2024-08-18-18_45_37-PAKJPython-send-2023-PowerPoint.png 790w, https:\/\/kuru.com.pl\/wp-content\/uploads\/2024\/08\/2024-08-18-18_45_37-PAKJPython-send-2023-PowerPoint-300x264.png 300w, https:\/\/kuru.com.pl\/wp-content\/uploads\/2024\/08\/2024-08-18-18_45_37-PAKJPython-send-2023-PowerPoint-768x677.png 768w\" sizes=\"(max-width: 790px) 100vw, 790px\" \/><\/a><\/figure><div class=\"elementor-image-box-content\"><h3 class=\"elementor-image-box-title\"><a href=\"?page_id=263\">Akademicki praktyczny kurs j\u0119zyka Python<\/a><\/h3><p class=\"elementor-image-box-description\">Kurs realizowany na szko\u0142ach wy\u017cszych, gdzie studenci mog\u0105 poskromi\u0107 moc kryj\u0105c\u0105 si\u0119 w bibliotekach j\u0119zyka Python, nauczy\u0107 si\u0119 go od podstaw i przyspieszy\u0107 codzienne zadania: analiz\u0119 statystyczn\u0105, generowanie wykres\u00f3w, data scraping itd.<\/p><\/div><\/div>\t\t\t\t<\/div>\n\t\t\t\t<\/div>\n\t\t\t\t\t<\/div>\n\t\t\t\t<\/div>\n\t\t\t\t<\/div>\n\t\t","protected":false},"excerpt":{"rendered":"<p>Wybierz co\u015b dla siebie Lista poni\u017cej zawiera zbi\u00f3r tego, co przygotowali\u015bmy dla Ciebie. Zbuduj Swoj\u0105 Gr\u0119 Niewymagaj\u0105cy \u017cadnych umiej\u0119tno\u015bci programistycznych, kurs dla m\u0142odych i ambitnych, kt\u00f3rzy chc\u0105 wykorzysta\u0107 swoje pomys\u0142y i stworzy\u0107 co\u015b wyj\u0105tkowego. Kurs dla szk\u00f3\u0142 podstawowych przeprowadza uczestnik\u00f3w przez pe\u0142en cykl powstawania gry komputerowej w \u015brodowisku Clickteam Fusion. Zaprogramuj Swoj\u0105 Gr\u0119 Przygoda dla [&hellip;]<\/p>\n","protected":false},"author":1,"featured_media":0,"parent":0,"menu_order":0,"comment_status":"closed","ping_status":"closed","template":"","meta":{"postBodyCss":"","postBodyMargin":[],"postBodyPadding":[],"postBodyBackground":{"backgroundType":"classic","gradient":""},"footnotes":""},"class_list":["post-937","page","type-page","status-publish","hentry"],"_links":{"self":[{"href":"https:\/\/kuru.com.pl\/index.php?rest_route=\/wp\/v2\/pages\/937"}],"collection":[{"href":"https:\/\/kuru.com.pl\/index.php?rest_route=\/wp\/v2\/pages"}],"about":[{"href":"https:\/\/kuru.com.pl\/index.php?rest_route=\/wp\/v2\/types\/page"}],"author":[{"embeddable":true,"href":"https:\/\/kuru.com.pl\/index.php?rest_route=\/wp\/v2\/users\/1"}],"replies":[{"embeddable":true,"href":"https:\/\/kuru.com.pl\/index.php?rest_route=%2Fwp%2Fv2%2Fcomments&post=937"}],"version-history":[{"count":16,"href":"https:\/\/kuru.com.pl\/index.php?rest_route=\/wp\/v2\/pages\/937\/revisions"}],"predecessor-version":[{"id":1045,"href":"https:\/\/kuru.com.pl\/index.php?rest_route=\/wp\/v2\/pages\/937\/revisions\/1045"}],"wp:attachment":[{"href":"https:\/\/kuru.com.pl\/index.php?rest_route=%2Fwp%2Fv2%2Fmedia&parent=937"}],"curies":[{"name":"wp","href":"https:\/\/api.w.org\/{rel}","templated":true}]}}