{"id":1391,"date":"2024-08-21T09:03:43","date_gmt":"2024-08-21T09:03:43","guid":{"rendered":"https:\/\/kuru.com.pl\/?page_id=1391"},"modified":"2024-08-21T09:13:01","modified_gmt":"2024-08-21T09:13:01","slug":"regulamin","status":"publish","type":"page","link":"https:\/\/kuru.com.pl\/?page_id=1391","title":{"rendered":"Regulamin"},"content":{"rendered":"\t\t<div data-elementor-type=\"wp-page\" data-elementor-id=\"1391\" class=\"elementor elementor-1391\">\n\t\t\t\t<div class=\"elementor-element elementor-element-76c369d e-flex e-con-boxed e-con e-parent\" data-id=\"76c369d\" data-element_type=\"container\" data-e-type=\"container\">\n\t\t\t\t\t<div class=\"e-con-inner\">\n\t\t\t\t<div class=\"elementor-element elementor-element-c0c6fbd elementor-widget__width-initial elementor-widget elementor-widget-heading\" data-id=\"c0c6fbd\" data-element_type=\"widget\" data-e-type=\"widget\" data-widget_type=\"heading.default\">\n\t\t\t\t<div class=\"elementor-widget-container\">\n\t\t\t\t\t<h2 class=\"elementor-heading-title elementor-size-default\">Regulamin<\/h2>\t\t\t\t<\/div>\n\t\t\t\t<\/div>\n\t\t\t\t<div class=\"elementor-element elementor-element-375c530 elementor-widget elementor-widget-text-editor\" data-id=\"375c530\" data-element_type=\"widget\" data-e-type=\"widget\" data-widget_type=\"text-editor.default\">\n\t\t\t\t<div class=\"elementor-widget-container\">\n\t\t\t\t\t\t\t\t\t<p class=\"MsoNormal\" style=\"margin-bottom: 15pt; line-height: normal; background-image: initial; background-position: initial; background-size: initial; background-repeat: initial; background-attachment: initial; background-origin: initial; background-clip: initial;\"><span style=\"font-size: 13.0pt; font-family: 'Segoe UI',sans-serif; mso-fareast-font-family: 'Times New Roman'; color: black; mso-fareast-language: PL;\">POSTANOWIENIA OG\u00d3LNE<\/span><\/p><p class=\"MsoNormal\" style=\"margin-bottom: 15pt; line-height: normal; background-image: initial; background-position: initial; background-size: initial; background-repeat: initial; background-attachment: initial; background-origin: initial; background-clip: initial;\"><span style=\"font-size: 13.0pt; font-family: 'Segoe UI',sans-serif; mso-fareast-font-family: 'Times New Roman'; color: black; mso-fareast-language: PL;\">Administratorem danych zbieranych za po\u015brednictwem strony internetowej kuru.com.pl jest Piu Agnieszka Micha\u0142owska z siedzib\u0105 w 64-305 Bolewice, ul. Szkolna 10, wpisane do Centralnej Ewidencji i Informacji o Dzia\u0142alno\u015bci Gospodarczej, NIP. 7881973998, REGON. 520752571<\/span><\/p><p class=\"MsoNormal\" style=\"margin-bottom: 15pt; line-height: normal; background-image: initial; background-position: initial; background-size: initial; background-repeat: initial; background-attachment: initial; background-origin: initial; background-clip: initial;\"><span style=\"font-size: 13.0pt; font-family: 'Segoe UI',sans-serif; mso-fareast-font-family: 'Times New Roman'; color: black; mso-fareast-language: PL;\">Dok\u0142adamy szczeg\u00f3lnej staranno\u015bci w celu ochrony interes\u00f3w os\u00f3b, kt\u00f3rych dane dotycz\u0105, a w szczeg\u00f3lno\u015bci zapewniamy, \u017ce zbierane przez nas dane s\u0105:<\/span><\/p><ul type=\"disc\"><li class=\"MsoNormal\" style=\"color: black; line-height: normal; background-color: white;\"><span style=\"font-size: 13.0pt; font-family: 'Segoe UI',sans-serif; mso-fareast-font-family: 'Times New Roman'; mso-fareast-language: PL;\">przetwarzane zgodnie z prawem, w szczeg\u00f3lno\u015bci zgodnie z art. 6 ust. 1 lit. a Rozporz\u0105dzenia Parlamentu Europejskiego i Rady (UE) 2016\/679 z dnia 27 kwietnia 2016 r. w sprawie ochrony os\u00f3b fizycznych w zwi\u0105zku z przetwarzaniem danych osobowych i w sprawie swobodnego przep\u0142ywu takich danych oraz uchylenia dyrektywy 95\/46\/WE (RODO \/ GDPR);<\/span><\/li><li class=\"MsoNormal\" style=\"color: black; line-height: normal; background-color: white;\"><span style=\"font-size: 13.0pt; font-family: 'Segoe UI',sans-serif; mso-fareast-font-family: 'Times New Roman'; mso-fareast-language: PL;\">zbierane dla oznaczonych, zgodnych z prawem cel\u00f3w i niepoddawane dalszemu przetwarzaniu niezgodnemu z tymi celami;<\/span><\/li><li class=\"MsoNormal\" style=\"color: black; line-height: normal; background-color: white;\"><span style=\"font-size: 13.0pt; font-family: 'Segoe UI',sans-serif; mso-fareast-font-family: 'Times New Roman'; mso-fareast-language: PL;\">merytorycznie poprawne i adekwatne w stosunku do cel\u00f3w, w jakich s\u0105 przetwarzane oraz przechowywane w postaci umo\u017cliwiaj\u0105cej identyfikacj\u0119 os\u00f3b, kt\u00f3rych dotycz\u0105, nie d\u0142u\u017cej ni\u017c jest to niezb\u0119dne do osi\u0105gni\u0119cia celu przetwarzania.<br \/><br \/><br \/><!-- [if !supportLineBreakNewLine]--><br \/><!--[endif]--><\/span><\/li><\/ul><p class=\"MsoNormal\" style=\"margin-bottom: 15pt; line-height: normal; background-image: initial; background-position: initial; background-size: initial; background-repeat: initial; background-attachment: initial; background-origin: initial; background-clip: initial;\"><span style=\"font-size: 13.0pt; font-family: 'Segoe UI',sans-serif; mso-fareast-font-family: 'Times New Roman'; color: black; mso-fareast-language: PL;\">ZAKRES ZBIERANYCH DANYCH<\/span><\/p><p class=\"MsoNormal\" style=\"margin-bottom: 15pt; line-height: normal; background-image: initial; background-position: initial; background-size: initial; background-repeat: initial; background-attachment: initial; background-origin: initial; background-clip: initial;\"><span style=\"font-size: 13.0pt; font-family: 'Segoe UI',sans-serif; mso-fareast-font-family: 'Times New Roman'; color: black; mso-fareast-language: PL;\">Pa\u0144stwa dane osobowe s\u0105 gromadzone i przetwarzane jedynie w oparciu o odpowiednie podstawy prawne, a ich zakres zale\u017cy od rodzaju \u015bwiadczonej us\u0142ugi.<\/span><\/p><p class=\"MsoNormal\" style=\"margin-bottom: 15pt; line-height: normal; background-image: initial; background-position: initial; background-size: initial; background-repeat: initial; background-attachment: initial; background-origin: initial; background-clip: initial;\"><span style=\"font-size: 13.0pt; font-family: 'Segoe UI',sans-serif; mso-fareast-font-family: 'Times New Roman'; color: black; mso-fareast-language: PL;\">Dane osobowe, kt\u00f3re przetwarza Administrator to przede wszystkim: imi\u0119 i nazwisko, adres e-mail, numer telefonu oraz dane zawarte w tre\u015bci przes\u0142anej wiadomo\u015bci, kt\u00f3re otrzymujemy od Pa\u0144stwa wskutek Pa\u0144stwa dobrowolnej zgody.<\/span><\/p><p class=\"MsoNormal\" style=\"margin-bottom: 15pt; line-height: normal; background-image: initial; background-position: initial; background-size: initial; background-repeat: initial; background-attachment: initial; background-origin: initial; background-clip: initial;\"><span style=\"font-size: 13.0pt; font-family: 'Segoe UI',sans-serif; mso-fareast-font-family: 'Times New Roman'; color: black; mso-fareast-language: PL;\">CEL PRZETWARZANIA DANYCH OSOBOWYCH<\/span><\/p><p class=\"MsoNormal\" style=\"margin-bottom: 15pt; line-height: normal; background-image: initial; background-position: initial; background-size: initial; background-repeat: initial; background-attachment: initial; background-origin: initial; background-clip: initial;\"><span style=\"font-size: 13.0pt; font-family: 'Segoe UI',sans-serif; mso-fareast-font-family: 'Times New Roman'; color: black; mso-fareast-language: PL;\">Pa\u0144stwa dane osobowe przetwarzane s\u0105 w celu:<\/span><\/p><ul type=\"disc\"><li class=\"MsoNormal\" style=\"color: black; line-height: normal; background-color: white;\"><span style=\"font-size: 13.0pt; font-family: 'Segoe UI',sans-serif; mso-fareast-font-family: 'Times New Roman'; mso-fareast-language: PL;\">wysy\u0142ania zaprosze\u0144 do wsparcia i\u00a0do\u0142\u0105czenia do dzia\u0142a\u0144, warsztat\u00f3w, spotka\u0144 i wydarze\u0144 kulturalnych organizowanych przez Kuru It Creative Courses (kuru.com.pl);<\/span><\/li><li class=\"MsoNormal\" style=\"color: black; line-height: normal; background-color: white;\"><span style=\"font-size: 13.0pt; font-family: 'Segoe UI',sans-serif; mso-fareast-font-family: 'Times New Roman'; mso-fareast-language: PL;\">prowadzenia dzia\u0142a\u0144 marketingowych, w tym przesy\u0142ania tre\u015bci marketingowych za po\u015brednictwem kana\u0142u komunikacji, na kt\u00f3ry wyrazili Pa\u0144stwo dobrowoln\u0105 zgod\u0119 tj. poprzez wiadomo\u015b\u0107 elektroniczn\u0105 na wskazany adres e-mail, wliczaj\u0105c analiz\u0119 zachowa\u0144 i potrzeb u\u017cytkownik\u00f3w oraz analiz\u0119 rynku;<\/span><\/li><li class=\"MsoNormal\" style=\"color: black; line-height: normal; background-color: white;\"><span style=\"font-size: 13.0pt; font-family: 'Segoe UI',sans-serif; mso-fareast-font-family: 'Times New Roman'; mso-fareast-language: PL;\">realizacji zam\u00f3wie\u0144;<\/span><\/li><li class=\"MsoNormal\" style=\"color: black; line-height: normal; background-color: white;\"><span style=\"font-size: 13.0pt; font-family: 'Segoe UI',sans-serif; mso-fareast-font-family: 'Times New Roman'; mso-fareast-language: PL;\">wysy\u0142ania newslettera po wyra\u017ceniu odpowiedniej zgody;<\/span><\/li><li class=\"MsoNormal\" style=\"color: black; line-height: normal; background-color: white;\"><span style=\"font-size: 13.0pt; font-family: 'Segoe UI',sans-serif; mso-fareast-font-family: 'Times New Roman'; mso-fareast-language: PL;\">tworzenia baz danych u\u017cytkownik\u00f3w wy\u0142\u0105cznie do u\u017cytku podmiotu, z kt\u00f3rym zawierana jest umowa z zastrze\u017ceniem, i\u017c przyst\u0105pi od do umowy wsp\u00f3\u0142administrowania danymi osobowymi z administratorem danych;<\/span><\/li><li class=\"MsoNormal\" style=\"color: black; line-height: normal; background-color: white;\"><span style=\"font-size: 13.0pt; font-family: 'Segoe UI',sans-serif; mso-fareast-font-family: 'Times New Roman'; mso-fareast-language: PL;\">ulepszenia prezentowanej oferty produktowej oraz zawarto\u015bci strony internetowej;<\/span><\/li><li class=\"MsoNormal\" style=\"color: black; line-height: normal; background-color: white;\"><span style=\"font-size: 13.0pt; font-family: 'Segoe UI',sans-serif; mso-fareast-font-family: 'Times New Roman'; mso-fareast-language: PL;\">w innych celach okre\u015blonych w niniejszej polityce prywatno\u015bci lub w regulaminie.<br \/><br \/><br \/><!-- [if !supportLineBreakNewLine]--><br \/><!--[endif]--><\/span><\/li><\/ul><p class=\"MsoNormal\" style=\"margin-bottom: 15pt; line-height: normal; background-image: initial; background-position: initial; background-size: initial; background-repeat: initial; background-attachment: initial; background-origin: initial; background-clip: initial;\"><span style=\"font-size: 13.0pt; font-family: 'Segoe UI',sans-serif; mso-fareast-font-family: 'Times New Roman'; color: black; mso-fareast-language: PL;\">OKRES PRZETWARZANIA<\/span><\/p><p class=\"MsoNormal\" style=\"margin-bottom: 15pt; line-height: normal; background-image: initial; background-position: initial; background-size: initial; background-repeat: initial; background-attachment: initial; background-origin: initial; background-clip: initial;\"><span style=\"font-size: 13.0pt; font-family: 'Segoe UI',sans-serif; mso-fareast-font-family: 'Times New Roman'; color: black; mso-fareast-language: PL;\">Pa\u0144stwa dane osobowe b\u0119d\u0105 przetwarzanie wy\u0142\u0105cznie przez okres, w\u00a0kt\u00f3rym b\u0119dzie istnia\u0142a do tego podstawa prawna, a zatem do\u00a0momentu, w kt\u00f3rym:<\/span><\/p><ul type=\"disc\"><li class=\"MsoNormal\" style=\"color: black; line-height: normal; background-color: white;\"><span style=\"font-size: 13.0pt; font-family: 'Segoe UI',sans-serif; mso-fareast-font-family: 'Times New Roman'; mso-fareast-language: PL;\">przestanie na administratorze ci\u0105\u017cy\u0107 obowi\u0105zek prawny zobowi\u0105zuj\u0105cy do przetwarzania danych osobowych U\u017cytkownika;<\/span><\/li><li class=\"MsoNormal\" style=\"color: black; line-height: normal; background-color: white;\"><span style=\"font-size: 13.0pt; font-family: 'Segoe UI',sans-serif; mso-fareast-font-family: 'Times New Roman'; mso-fareast-language: PL;\">ustanie mo\u017cliwo\u015b\u0107 dochodzenia roszcze\u0144 zwi\u0105zanych z zawart\u0105 przez strony umow\u0105;<\/span><\/li><li class=\"MsoNormal\" style=\"color: black; line-height: normal; background-color: white;\"><span style=\"font-size: 13.0pt; font-family: 'Segoe UI',sans-serif; mso-fareast-font-family: 'Times New Roman'; mso-fareast-language: PL;\">cofni\u0119ta zostanie zgoda na przetwarzanie danych osobowych, je\u015bli zgoda ta by\u0142a podstaw\u0105 przetwarzania;<\/span><\/li><\/ul><p class=\"MsoNormal\" style=\"margin-bottom: 15pt; line-height: normal; background-image: initial; background-position: initial; background-size: initial; background-repeat: initial; background-attachment: initial; background-origin: initial; background-clip: initial;\"><span style=\"font-size: 13.0pt; font-family: 'Segoe UI',sans-serif; mso-fareast-font-family: 'Times New Roman'; color: black; mso-fareast-language: PL;\">\u2013 w zale\u017cno\u015bci od tego, co ma zastosowanie w danym przypadku i co nast\u0105pi p\u00f3\u017aniej.<\/span><\/p><p class=\"MsoNormal\" style=\"margin-bottom: 15pt; line-height: normal; background-image: initial; background-position: initial; background-size: initial; background-repeat: initial; background-attachment: initial; background-origin: initial; background-clip: initial;\"><span style=\"font-size: 13.0pt; font-family: 'Segoe UI',sans-serif; mso-fareast-font-family: 'Times New Roman'; color: black; mso-fareast-language: PL;\">POWIERZENIE PRZETWARZANIA DANYCH INNYM PODMIOTOM<\/span><\/p><p class=\"MsoNormal\" style=\"margin-bottom: 15pt; line-height: normal; background-image: initial; background-position: initial; background-size: initial; background-repeat: initial; background-attachment: initial; background-origin: initial; background-clip: initial;\"><span style=\"font-size: 13.0pt; font-family: 'Segoe UI',sans-serif; mso-fareast-font-family: 'Times New Roman'; color: black; mso-fareast-language: PL;\">Administrator mo\u017ce przekazywa\u0107 dane osobowe wy\u0142\u0105cznie podmiotom wsp\u00f3\u0142pracuj\u0105cym z administratorem, takim jak podmioty dostarczaj\u0105ce i obs\u0142uguj\u0105ce systemy lub rozwi\u0105zania informatyczne, podmioty wspieraj\u0105ce w obs\u0142udze strony internetowej, dostawcom us\u0142ug marketingowych oraz kancelariom prawnym \u015bwiadcz\u0105cym us\u0142ugi na rzecz prowadz\u0105cych dzia\u0142ania w ramach kuru.com.pl<\/span><\/p><p class=\"MsoNormal\" style=\"margin-bottom: 15pt; line-height: normal; background-image: initial; background-position: initial; background-size: initial; background-repeat: initial; background-attachment: initial; background-origin: initial; background-clip: initial;\"><span style=\"font-size: 13.0pt; font-family: 'Segoe UI',sans-serif; mso-fareast-font-family: 'Times New Roman'; color: black; mso-fareast-language: PL;\">PRZYS\u0141UGUJ\u0104CE PRAWA<\/span><\/p><p class=\"MsoNormal\" style=\"margin-bottom: 15pt; line-height: normal; background-image: initial; background-position: initial; background-size: initial; background-repeat: initial; background-attachment: initial; background-origin: initial; background-clip: initial;\"><span style=\"font-size: 13.0pt; font-family: 'Segoe UI',sans-serif; mso-fareast-font-family: 'Times New Roman'; color: black; mso-fareast-language: PL;\">W ka\u017cdej chwili maj\u0105 Pa\u0144stwo mo\u017cliwo\u015b\u0107 do:<\/span><\/p><ul type=\"disc\"><li class=\"MsoNormal\" style=\"color: black; line-height: normal; background-color: white;\"><span style=\"font-size: 13.0pt; font-family: 'Segoe UI',sans-serif; mso-fareast-font-family: 'Times New Roman'; mso-fareast-language: PL;\">wycofania zgody wobec przetwarzania;<\/span><\/li><li class=\"MsoNormal\" style=\"color: black; line-height: normal; background-color: white;\"><span style=\"font-size: 13.0pt; font-family: 'Segoe UI',sans-serif; mso-fareast-font-family: 'Times New Roman'; mso-fareast-language: PL;\">\u017c\u0105dania dost\u0119pu do swoich danych osobowych;<\/span><\/li><li class=\"MsoNormal\" style=\"color: black; line-height: normal; background-color: white;\"><span style=\"font-size: 13.0pt; font-family: 'Segoe UI',sans-serif; mso-fareast-font-family: 'Times New Roman'; mso-fareast-language: PL;\">\u017c\u0105dania sprostowania swoich danych osobowych;<\/span><\/li><li class=\"MsoNormal\" style=\"color: black; line-height: normal; background-color: white;\"><span style=\"font-size: 13.0pt; font-family: 'Segoe UI',sans-serif; mso-fareast-font-family: 'Times New Roman'; mso-fareast-language: PL;\">\u017c\u0105dania usuni\u0119cia lub ograniczenia przetwarzania swoich danych osobowych;<\/span><\/li><li class=\"MsoNormal\" style=\"color: black; line-height: normal; background-color: white;\"><span style=\"font-size: 13.0pt; font-family: 'Segoe UI',sans-serif; mso-fareast-font-family: 'Times New Roman'; mso-fareast-language: PL;\">wniesienia sprzeciwu wobec przetwarzania danych.<\/span><\/li><\/ul><p class=\"MsoNormal\" style=\"margin-bottom: 15pt; line-height: normal; background-image: initial; background-position: initial; background-size: initial; background-repeat: initial; background-attachment: initial; background-origin: initial; background-clip: initial;\"><span style=\"font-size: 13.0pt; font-family: 'Segoe UI',sans-serif; mso-fareast-font-family: 'Times New Roman'; color: black; mso-fareast-language: PL;\">Wszystkie pytania oraz wnioski dotycz\u0105ce woli skorzystania z przys\u0142uguj\u0105cych Pa\u0144stwu praw, prosimy sk\u0142ada\u0107 na adres:<\/span> <b><span style=\"font-family: 'Segoe UI', sans-serif; color: #2f5597; background-image: initial; background-position: initial; background-size: initial; background-repeat: initial; background-attachment: initial; background-origin: initial; background-clip: initial;\">kontakt@kuru.com.pl<\/span><\/b><\/p><p class=\"MsoNormal\" style=\"margin-bottom: 15pt; line-height: normal; background-image: initial; background-position: initial; background-size: initial; background-repeat: initial; background-attachment: initial; background-origin: initial; background-clip: initial;\"><span style=\"font-size: 13.0pt; font-family: 'Segoe UI',sans-serif; mso-fareast-font-family: 'Times New Roman'; color: black; mso-fareast-language: PL;\">W sytuacji ch\u0119ci wycofania zgody sugerujemy w tym celu przes\u0142a\u0107 wiadomo\u015b\u0107 z tego samego adresu e-mail, na kt\u00f3ry otrzymujecie Pa\u0144stwo tre\u015bci marketingowe.<\/span><\/p><p class=\"MsoNormal\" style=\"margin-bottom: 15pt; line-height: normal; background-image: initial; background-position: initial; background-size: initial; background-repeat: initial; background-attachment: initial; background-origin: initial; background-clip: initial;\"><span style=\"font-size: 13.0pt; font-family: 'Segoe UI',sans-serif; mso-fareast-font-family: 'Times New Roman'; color: black; mso-fareast-language: PL;\">PLIKI \u201cCOOKIES\u201d<\/span><\/p><p class=\"MsoNormal\" style=\"margin-bottom: 15pt; line-height: normal; background-image: initial; background-position: initial; background-size: initial; background-repeat: initial; background-attachment: initial; background-origin: initial; background-clip: initial;\"><span style=\"font-size: 13.0pt; font-family: 'Segoe UI',sans-serif; mso-fareast-font-family: 'Times New Roman'; color: black; mso-fareast-language: PL;\">Strona internetowa kuru.com.pl korzysta z informacji zapisywanych za pomoc\u0105 plik\u00f3w \u201ecookies\u201d, czyli danych informatycznych, przechowywanych w urz\u0105dzeniach ko\u0144cowych u\u017cytkownik\u00f3w przeznaczonych do korzystania ze stron internetowych. Pliki te pozwalaj\u0105 rozpozna\u0107 urz\u0105dzenie u\u017cytkownika i odpowiednio wy\u015bwietla\u0107 stron\u0119 internetow\u0105 dostosowan\u0105 do indywidualnych preferencji. Zazwyczaj zawieraj\u0105 one nazw\u0119 strony internetowej, z kt\u00f3rej pochodz\u0105, czas przechowywania ich na urz\u0105dzeniu ko\u0144cowym oraz unikalny numer.<\/span><\/p><p class=\"MsoNormal\" style=\"margin-bottom: 15pt; line-height: normal; background-image: initial; background-position: initial; background-size: initial; background-repeat: initial; background-attachment: initial; background-origin: initial; background-clip: initial;\"><span style=\"font-size: 13.0pt; font-family: 'Segoe UI',sans-serif; mso-fareast-font-family: 'Times New Roman'; color: black; mso-fareast-language: PL;\">Brak zmiany po Pa\u0144stwa stronie ustawie\u0144 przegl\u0105darki jest r\u00f3wnoznaczny z wyra\u017ceniem zgody na ich u\u017cycie.<\/span><\/p><p class=\"MsoNormal\" style=\"margin-bottom: 15pt; line-height: normal; background-image: initial; background-position: initial; background-size: initial; background-repeat: initial; background-attachment: initial; background-origin: initial; background-clip: initial;\"><span style=\"font-size: 13.0pt; font-family: 'Segoe UI',sans-serif; mso-fareast-font-family: 'Times New Roman'; color: black; mso-fareast-language: PL;\">Pliki \u201ecookies\u201d u\u017cywane s\u0105 w celu dostosowania zawarto\u015bci strony internetowej do preferencji u\u017cytkownik\u00f3w oraz tworzenia zagregowanych statystyk.<\/span><\/p><p class=\"MsoNormal\" style=\"margin-bottom: 15pt; line-height: normal; background-image: initial; background-position: initial; background-size: initial; background-repeat: initial; background-attachment: initial; background-origin: initial; background-clip: initial;\"><span style=\"font-size: 13.0pt; font-family: 'Segoe UI',sans-serif; mso-fareast-font-family: 'Times New Roman'; color: black; mso-fareast-language: PL;\">Instalacja plik\u00f3w \u201ecookies\u201d jest konieczna do prawid\u0142owego \u015bwiadczenia us\u0142ug na stronie internetowej.<\/span><\/p><p class=\"MsoNormal\" style=\"margin-bottom: 15pt; line-height: normal; background-image: initial; background-position: initial; background-size: initial; background-repeat: initial; background-attachment: initial; background-origin: initial; background-clip: initial;\"><span style=\"font-size: 13.0pt; font-family: 'Segoe UI',sans-serif; mso-fareast-font-family: 'Times New Roman'; color: black; mso-fareast-language: PL;\">W ramach strony internetowej stosowane s\u0105 cookies:<\/span><\/p><ul type=\"disc\"><li class=\"MsoNormal\" style=\"color: black; line-height: normal; background-color: white;\"><span style=\"font-size: 13.0pt; font-family: 'Segoe UI',sans-serif; mso-fareast-font-family: 'Times New Roman'; mso-fareast-language: PL;\">\u201esta\u0142e\u201d \u2013 pozostaj\u0105 na Pa\u0144stwa urz\u0105dzeniu przez czas okre\u015blony w parametrach plik\u00f3w \u201ecookies\u201d albo do momentu ich r\u0119cznego usuni\u0119cia;<\/span><\/li><li class=\"MsoNormal\" style=\"color: black; line-height: normal; background-color: white;\"><span style=\"font-size: 13.0pt; font-family: 'Segoe UI',sans-serif; mso-fareast-font-family: 'Times New Roman'; mso-fareast-language: PL;\">\u201esesyjne\u201d s\u0105 plikami tymczasowymi, kt\u00f3re przechowywane s\u0105 w Pa\u0144stwa urz\u0105dzeniu ko\u0144cowym do czasu wylogowania (opuszczenia strony internetowej).<\/span><\/li><\/ul><p class=\"MsoNormal\" style=\"margin-bottom: 15pt; line-height: normal; background-image: initial; background-position: initial; background-size: initial; background-repeat: initial; background-attachment: initial; background-origin: initial; background-clip: initial;\"><span style=\"font-size: 13.0pt; font-family: 'Segoe UI',sans-serif; mso-fareast-font-family: 'Times New Roman'; color: black; mso-fareast-language: PL;\">Maj\u0105 Pa\u0144stwo prawo zadecydowania w zakresie dost\u0119pu plik\u00f3w \u201ecookies\u201d do swojego komputera poprzez ich uprzedni wyb\u00f3r w oknie swojej przegl\u0105darki. Szczeg\u00f3\u0142owe informacje o mo\u017cliwo\u015bci i sposobach obs\u0142ugi plik\u00f3w \u201ecookies\u201d dost\u0119pne s\u0105 w ustawieniach oprogramowania (przegl\u0105darki internetowej).<\/span><\/p><p>\u00a0<\/p><p class=\"MsoNormal\">\u00a0<\/p>\t\t\t\t\t\t\t\t<\/div>\n\t\t\t\t<\/div>\n\t\t\t\t\t<\/div>\n\t\t\t\t<\/div>\n\t\t\t\t<\/div>\n\t\t","protected":false},"excerpt":{"rendered":"<p>Regulamin POSTANOWIENIA OG\u00d3LNE Administratorem danych zbieranych za po\u015brednictwem strony internetowej kuru.com.pl jest Piu Agnieszka Micha\u0142owska z siedzib\u0105 w 64-305 Bolewice, ul. Szkolna 10, wpisane do Centralnej Ewidencji i Informacji o Dzia\u0142alno\u015bci Gospodarczej, NIP. 7881973998, REGON. 520752571 Dok\u0142adamy szczeg\u00f3lnej staranno\u015bci w celu ochrony interes\u00f3w os\u00f3b, kt\u00f3rych dane dotycz\u0105, a w szczeg\u00f3lno\u015bci zapewniamy, \u017ce zbierane przez nas [&hellip;]<\/p>\n","protected":false},"author":1,"featured_media":0,"parent":0,"menu_order":0,"comment_status":"closed","ping_status":"closed","template":"","meta":{"postBodyCss":"","postBodyMargin":[],"postBodyPadding":[],"postBodyBackground":{"backgroundType":"classic","gradient":""},"footnotes":""},"class_list":["post-1391","page","type-page","status-publish","hentry"],"_links":{"self":[{"href":"https:\/\/kuru.com.pl\/index.php?rest_route=\/wp\/v2\/pages\/1391"}],"collection":[{"href":"https:\/\/kuru.com.pl\/index.php?rest_route=\/wp\/v2\/pages"}],"about":[{"href":"https:\/\/kuru.com.pl\/index.php?rest_route=\/wp\/v2\/types\/page"}],"author":[{"embeddable":true,"href":"https:\/\/kuru.com.pl\/index.php?rest_route=\/wp\/v2\/users\/1"}],"replies":[{"embeddable":true,"href":"https:\/\/kuru.com.pl\/index.php?rest_route=%2Fwp%2Fv2%2Fcomments&post=1391"}],"version-history":[{"count":4,"href":"https:\/\/kuru.com.pl\/index.php?rest_route=\/wp\/v2\/pages\/1391\/revisions"}],"predecessor-version":[{"id":1395,"href":"https:\/\/kuru.com.pl\/index.php?rest_route=\/wp\/v2\/pages\/1391\/revisions\/1395"}],"wp:attachment":[{"href":"https:\/\/kuru.com.pl\/index.php?rest_route=%2Fwp%2Fv2%2Fmedia&parent=1391"}],"curies":[{"name":"wp","href":"https:\/\/api.w.org\/{rel}","templated":true}]}}