{"id":1058,"date":"2024-08-18T19:30:06","date_gmt":"2024-08-18T19:30:06","guid":{"rendered":"https:\/\/kuru.msg9090.webd.pl\/?page_id=1058"},"modified":"2024-08-21T07:16:21","modified_gmt":"2024-08-21T07:16:21","slug":"inne-dzialania-edukacyjne-2","status":"publish","type":"page","link":"https:\/\/kuru.com.pl\/?page_id=1058","title":{"rendered":"Inne dzia\u0142ania edukacyjne\u200b"},"content":{"rendered":"\t\t<div data-elementor-type=\"wp-page\" data-elementor-id=\"1058\" class=\"elementor elementor-1058\">\n\t\t\t\t<div class=\"elementor-element elementor-element-3ef8638d e-flex e-con-boxed e-con e-parent\" data-id=\"3ef8638d\" data-element_type=\"container\" data-e-type=\"container\">\n\t\t\t\t\t<div class=\"e-con-inner\">\n\t\t\t\t<div class=\"elementor-element elementor-element-65829f28 elementor-widget__width-initial elementor-widget elementor-widget-heading\" data-id=\"65829f28\" data-element_type=\"widget\" data-e-type=\"widget\" data-widget_type=\"heading.default\">\n\t\t\t\t<div class=\"elementor-widget-container\">\n\t\t\t\t\t<h2 class=\"elementor-heading-title elementor-size-default\">Inne dzia\u0142ania edukacyjne<\/h2>\t\t\t\t<\/div>\n\t\t\t\t<\/div>\n\t\t\t\t<div class=\"elementor-element elementor-element-48c831a7 elementor-widget elementor-widget-text-editor\" data-id=\"48c831a7\" data-element_type=\"widget\" data-e-type=\"widget\" data-widget_type=\"text-editor.default\">\n\t\t\t\t<div class=\"elementor-widget-container\">\n\t\t\t\t\t\t\t\t\t<p>Zajmujemy si\u0119 wieloma rzeczami, przy kt\u00f3rych mo\u017cna si\u0119 od nas czego\u015b nauczy\u0107<\/p>\t\t\t\t\t\t\t\t<\/div>\n\t\t\t\t<\/div>\n\t\t\t\t\t<\/div>\n\t\t\t\t<\/div>\n\t\t<div class=\"elementor-element elementor-element-62618c3f e-con-full e-flex e-con e-parent\" data-id=\"62618c3f\" data-element_type=\"container\" data-e-type=\"container\" data-settings=\"{&quot;background_background&quot;:&quot;classic&quot;}\">\n\t\t<div class=\"elementor-element elementor-element-76530a6f e-con-full e-flex e-con e-child\" data-id=\"76530a6f\" data-element_type=\"container\" data-e-type=\"container\">\n\t\t\t\t<div class=\"elementor-element elementor-element-30beb702 elementor-widget elementor-widget-heading\" data-id=\"30beb702\" data-element_type=\"widget\" data-e-type=\"widget\" data-widget_type=\"heading.default\">\n\t\t\t\t<div class=\"elementor-widget-container\">\n\t\t\t\t\t<h3 class=\"elementor-heading-title elementor-size-default\">Rekonstrukcja historyczna<\/h3>\t\t\t\t<\/div>\n\t\t\t\t<\/div>\n\t\t\t\t<div class=\"elementor-element elementor-element-7f15f880 elementor-widget elementor-widget-text-editor\" data-id=\"7f15f880\" data-element_type=\"widget\" data-e-type=\"widget\" data-widget_type=\"text-editor.default\">\n\t\t\t\t<div class=\"elementor-widget-container\">\n\t\t\t\t\t\t\t\t\t<p>Historia lubi si\u0119 powtarza\u0107, dlatego szczeg\u00f3lnie warto j\u0105 pozna\u0107. Poznajemy swoj\u0105 przesz\u0142o\u015b\u0107 i dzielimy si\u0119 ni\u0105 z innymi. Badamy zwyczaje, technologi\u0119, ubi\u00f3r a nawet diet\u0119 naszych przodk\u00f3w.<\/p>\t\t\t\t\t\t\t\t<\/div>\n\t\t\t\t<\/div>\n\t\t\t\t<\/div>\n\t\t<div class=\"elementor-element elementor-element-69a18a0e e-con-full e-flex e-con e-child\" data-id=\"69a18a0e\" data-element_type=\"container\" data-e-type=\"container\">\n\t\t\t\t<div class=\"elementor-element elementor-element-3c7ecc18 elementor-widget elementor-widget-image\" data-id=\"3c7ecc18\" data-element_type=\"widget\" data-e-type=\"widget\" data-widget_type=\"image.default\">\n\t\t\t\t<div class=\"elementor-widget-container\">\n\t\t\t\t\t\t\t\t\t\t\t\t\t\t\t<img fetchpriority=\"high\" decoding=\"async\" width=\"800\" height=\"800\" src=\"https:\/\/kuru.com.pl\/wp-content\/uploads\/2024\/08\/DSC_0666-kw-1024x1024.png\" class=\"attachment-large size-large wp-image-1064\" alt=\"\" srcset=\"https:\/\/kuru.com.pl\/wp-content\/uploads\/2024\/08\/DSC_0666-kw-1024x1024.png 1024w, https:\/\/kuru.com.pl\/wp-content\/uploads\/2024\/08\/DSC_0666-kw-300x300.png 300w, https:\/\/kuru.com.pl\/wp-content\/uploads\/2024\/08\/DSC_0666-kw-150x150.png 150w, https:\/\/kuru.com.pl\/wp-content\/uploads\/2024\/08\/DSC_0666-kw-768x768.png 768w, https:\/\/kuru.com.pl\/wp-content\/uploads\/2024\/08\/DSC_0666-kw.png 1490w\" sizes=\"(max-width: 800px) 100vw, 800px\" \/>\t\t\t\t\t\t\t\t\t\t\t\t\t\t\t<\/div>\n\t\t\t\t<\/div>\n\t\t\t\t<\/div>\n\t\t\t\t<\/div>\n\t\t<div class=\"elementor-element elementor-element-3001a080 e-con-full e-flex e-con e-parent\" data-id=\"3001a080\" data-element_type=\"container\" data-e-type=\"container\" data-settings=\"{&quot;background_background&quot;:&quot;classic&quot;}\">\n\t\t<div class=\"elementor-element elementor-element-159e4434 e-con-full e-flex e-con e-child\" data-id=\"159e4434\" data-element_type=\"container\" data-e-type=\"container\">\n\t\t\t\t<div class=\"elementor-element elementor-element-182adbe0 elementor-widget elementor-widget-heading\" data-id=\"182adbe0\" data-element_type=\"widget\" data-e-type=\"widget\" data-widget_type=\"heading.default\">\n\t\t\t\t<div class=\"elementor-widget-container\">\n\t\t\t\t\t<h3 class=\"elementor-heading-title elementor-size-default\">Warsztaty rzemie\u015blnicze<\/h3>\t\t\t\t<\/div>\n\t\t\t\t<\/div>\n\t\t\t\t<div class=\"elementor-element elementor-element-3ce6c451 elementor-widget elementor-widget-text-editor\" data-id=\"3ce6c451\" data-element_type=\"widget\" data-e-type=\"widget\" data-widget_type=\"text-editor.default\">\n\t\t\t\t<div class=\"elementor-widget-container\">\n\t\t\t\t\t\t\t\t\t<p>Uczymy dzieci, a tak naprawd\u0119 ca\u0142e rodziny, praktycznych umiej\u0119tno\u015bci, kt\u00f3re ludzie znali od wiek\u00f3w.<\/p><p>Warsztaty kaletnicze, sztuka wyplatania na bazie w\u0119z\u0142\u00f3w, tworzenie bi\u017cuterii, haft, czy pokaz stroj\u00f3w to tylko kilka z naszych atut\u00f3w.<\/p>\t\t\t\t\t\t\t\t<\/div>\n\t\t\t\t<\/div>\n\t\t\t\t<\/div>\n\t\t<div class=\"elementor-element elementor-element-69ab70fb e-con-full e-flex e-con e-child\" data-id=\"69ab70fb\" data-element_type=\"container\" data-e-type=\"container\">\n\t\t\t\t<div class=\"elementor-element elementor-element-38738458 elementor-widget elementor-widget-image\" data-id=\"38738458\" data-element_type=\"widget\" data-e-type=\"widget\" data-widget_type=\"image.default\">\n\t\t\t\t<div class=\"elementor-widget-container\">\n\t\t\t\t\t\t\t\t\t\t\t\t\t\t\t<img decoding=\"async\" width=\"800\" height=\"800\" src=\"https:\/\/kuru.com.pl\/wp-content\/uploads\/2024\/08\/kalet-kwad-1024x1024.jpg\" class=\"attachment-large size-large wp-image-1060\" alt=\"\" srcset=\"https:\/\/kuru.com.pl\/wp-content\/uploads\/2024\/08\/kalet-kwad-1024x1024.jpg 1024w, https:\/\/kuru.com.pl\/wp-content\/uploads\/2024\/08\/kalet-kwad-300x300.jpg 300w, https:\/\/kuru.com.pl\/wp-content\/uploads\/2024\/08\/kalet-kwad-150x150.jpg 150w, https:\/\/kuru.com.pl\/wp-content\/uploads\/2024\/08\/kalet-kwad-768x768.jpg 768w, https:\/\/kuru.com.pl\/wp-content\/uploads\/2024\/08\/kalet-kwad.jpg 1365w\" sizes=\"(max-width: 800px) 100vw, 800px\" \/>\t\t\t\t\t\t\t\t\t\t\t\t\t\t\t<\/div>\n\t\t\t\t<\/div>\n\t\t\t\t<\/div>\n\t\t\t\t<\/div>\n\t\t<div class=\"elementor-element elementor-element-fde296 e-con-full e-flex e-con e-parent\" data-id=\"fde296\" data-element_type=\"container\" data-e-type=\"container\" data-settings=\"{&quot;background_background&quot;:&quot;classic&quot;}\">\n\t\t<div class=\"elementor-element elementor-element-13042099 e-con-full e-flex e-con e-child\" data-id=\"13042099\" data-element_type=\"container\" data-e-type=\"container\">\n\t\t\t\t<div class=\"elementor-element elementor-element-7d541a7 elementor-widget elementor-widget-heading\" data-id=\"7d541a7\" data-element_type=\"widget\" data-e-type=\"widget\" data-widget_type=\"heading.default\">\n\t\t\t\t<div class=\"elementor-widget-container\">\n\t\t\t\t\t<h3 class=\"elementor-heading-title elementor-size-default\">Rytm i melodia<\/h3>\t\t\t\t<\/div>\n\t\t\t\t<\/div>\n\t\t\t\t<div class=\"elementor-element elementor-element-5c205301 elementor-widget elementor-widget-text-editor\" data-id=\"5c205301\" data-element_type=\"widget\" data-e-type=\"widget\" data-widget_type=\"text-editor.default\">\n\t\t\t\t<div class=\"elementor-widget-container\">\n\t\t\t\t\t\t\t\t\t<p>Prowadzimy warsztaty z elementami muzycznymi i wokalnymi. Agnieszka ze swoim niezr\u00f3wnanym g\u0142osem wprowadzi w dobry nastr\u00f3j ka\u017cdego.<\/p>\t\t\t\t\t\t\t\t<\/div>\n\t\t\t\t<\/div>\n\t\t\t\t<\/div>\n\t\t<div class=\"elementor-element elementor-element-7fb187ff e-con-full e-flex e-con e-child\" data-id=\"7fb187ff\" data-element_type=\"container\" data-e-type=\"container\">\n\t\t\t\t<div class=\"elementor-element elementor-element-26f58cd3 elementor-widget elementor-widget-image\" data-id=\"26f58cd3\" data-element_type=\"widget\" data-e-type=\"widget\" data-widget_type=\"image.default\">\n\t\t\t\t<div class=\"elementor-widget-container\">\n\t\t\t\t\t\t\t\t\t\t\t\t\t\t\t<img decoding=\"async\" width=\"800\" height=\"534\" src=\"https:\/\/kuru.com.pl\/wp-content\/uploads\/2024\/08\/DSC_0187-\u2014-kopia-scaled-1-1024x683.jpg\" class=\"attachment-large size-large wp-image-1063\" alt=\"\" srcset=\"https:\/\/kuru.com.pl\/wp-content\/uploads\/2024\/08\/DSC_0187-\u2014-kopia-scaled-1-1024x683.jpg 1024w, https:\/\/kuru.com.pl\/wp-content\/uploads\/2024\/08\/DSC_0187-\u2014-kopia-scaled-1-300x200.jpg 300w, https:\/\/kuru.com.pl\/wp-content\/uploads\/2024\/08\/DSC_0187-\u2014-kopia-scaled-1-768x512.jpg 768w, https:\/\/kuru.com.pl\/wp-content\/uploads\/2024\/08\/DSC_0187-\u2014-kopia-scaled-1-1536x1024.jpg 1536w, https:\/\/kuru.com.pl\/wp-content\/uploads\/2024\/08\/DSC_0187-\u2014-kopia-scaled-1-2048x1366.jpg 2048w\" sizes=\"(max-width: 800px) 100vw, 800px\" \/>\t\t\t\t\t\t\t\t\t\t\t\t\t\t\t<\/div>\n\t\t\t\t<\/div>\n\t\t\t\t<\/div>\n\t\t\t\t<\/div>\n\t\t<div class=\"elementor-element elementor-element-63e4b43d e-con-full e-flex e-con e-parent\" data-id=\"63e4b43d\" data-element_type=\"container\" data-e-type=\"container\" data-settings=\"{&quot;background_background&quot;:&quot;classic&quot;}\">\n\t\t<div class=\"elementor-element elementor-element-10df5d03 e-con-full e-flex e-con e-child\" data-id=\"10df5d03\" data-element_type=\"container\" data-e-type=\"container\">\n\t\t\t\t<div class=\"elementor-element elementor-element-1d956c10 elementor-widget elementor-widget-heading\" data-id=\"1d956c10\" data-element_type=\"widget\" data-e-type=\"widget\" data-widget_type=\"heading.default\">\n\t\t\t\t<div class=\"elementor-widget-container\">\n\t\t\t\t\t<h3 class=\"elementor-heading-title elementor-size-default\">Zdrowe od\u017cywianie si\u0119<\/h3>\t\t\t\t<\/div>\n\t\t\t\t<\/div>\n\t\t\t\t<div class=\"elementor-element elementor-element-213dd85a elementor-widget elementor-widget-text-editor\" data-id=\"213dd85a\" data-element_type=\"widget\" data-e-type=\"widget\" data-widget_type=\"text-editor.default\">\n\t\t\t\t<div class=\"elementor-widget-container\">\n\t\t\t\t\t\t\t\t\t<p>Pracuj\u0105c nad sob\u0105 bardzo szybko zdali\u015bmy sobie spraw\u0119 jak wa\u017cne jest zdrowe i naturalne od\u017cywianie. Dzi\u015b uczymy tego innych. Prowadzimy w\u0142asny ogr\u00f3dek w duchu permakultury, a ro\u015bliny takie jak rokitnik, oliwnik, o kt\u00f3rych ma\u0142o kto s\u0142ysza\u0142 (co te\u017c staramy si\u0119 zmieni\u0107), dostarczaj\u0105 nam olbrzymi\u0105 dawk\u0119 niezb\u0119dnych witamin i minera\u0142\u00f3w.<\/p>\t\t\t\t\t\t\t\t<\/div>\n\t\t\t\t<\/div>\n\t\t\t\t<\/div>\n\t\t<div class=\"elementor-element elementor-element-39a48bb6 e-con-full e-flex e-con e-child\" data-id=\"39a48bb6\" data-element_type=\"container\" data-e-type=\"container\">\n\t\t\t\t<div class=\"elementor-element elementor-element-60bd862f elementor-widget elementor-widget-image\" data-id=\"60bd862f\" data-element_type=\"widget\" data-e-type=\"widget\" data-widget_type=\"image.default\">\n\t\t\t\t<div class=\"elementor-widget-container\">\n\t\t\t\t\t\t\t\t\t\t\t\t\t\t\t<img loading=\"lazy\" decoding=\"async\" width=\"328\" height=\"334\" src=\"https:\/\/kuru.com.pl\/wp-content\/uploads\/2024\/08\/oliwnik1.png\" class=\"attachment-large size-large wp-image-1072\" alt=\"\" srcset=\"https:\/\/kuru.com.pl\/wp-content\/uploads\/2024\/08\/oliwnik1.png 328w, https:\/\/kuru.com.pl\/wp-content\/uploads\/2024\/08\/oliwnik1-295x300.png 295w\" sizes=\"(max-width: 328px) 100vw, 328px\" \/>\t\t\t\t\t\t\t\t\t\t\t\t\t\t\t<\/div>\n\t\t\t\t<\/div>\n\t\t\t\t<\/div>\n\t\t\t\t<\/div>\n\t\t<div class=\"elementor-element elementor-element-e0d4888 e-flex e-con-boxed e-con e-parent\" data-id=\"e0d4888\" data-element_type=\"container\" data-e-type=\"container\">\n\t\t\t\t\t<div class=\"e-con-inner\">\n\t\t\t\t\t<\/div>\n\t\t\t\t<\/div>\n\t\t\t\t<\/div>\n\t\t","protected":false},"excerpt":{"rendered":"<p>Inne dzia\u0142ania edukacyjne Zajmujemy si\u0119 wieloma rzeczami, przy kt\u00f3rych mo\u017cna si\u0119 od nas czego\u015b nauczy\u0107 Rekonstrukcja historyczna Historia lubi si\u0119 powtarza\u0107, dlatego szczeg\u00f3lnie warto j\u0105 pozna\u0107. Poznajemy swoj\u0105 przesz\u0142o\u015b\u0107 i dzielimy si\u0119 ni\u0105 z innymi. Badamy zwyczaje, technologi\u0119, ubi\u00f3r a nawet diet\u0119 naszych przodk\u00f3w. Warsztaty rzemie\u015blnicze Uczymy dzieci, a tak naprawd\u0119 ca\u0142e rodziny, praktycznych umiej\u0119tno\u015bci, [&hellip;]<\/p>\n","protected":false},"author":1,"featured_media":0,"parent":0,"menu_order":0,"comment_status":"closed","ping_status":"closed","template":"","meta":{"postBodyCss":"","postBodyMargin":[],"postBodyPadding":[],"postBodyBackground":{"backgroundType":"classic","gradient":""},"footnotes":""},"class_list":["post-1058","page","type-page","status-publish","hentry"],"_links":{"self":[{"href":"https:\/\/kuru.com.pl\/index.php?rest_route=\/wp\/v2\/pages\/1058"}],"collection":[{"href":"https:\/\/kuru.com.pl\/index.php?rest_route=\/wp\/v2\/pages"}],"about":[{"href":"https:\/\/kuru.com.pl\/index.php?rest_route=\/wp\/v2\/types\/page"}],"author":[{"embeddable":true,"href":"https:\/\/kuru.com.pl\/index.php?rest_route=\/wp\/v2\/users\/1"}],"replies":[{"embeddable":true,"href":"https:\/\/kuru.com.pl\/index.php?rest_route=%2Fwp%2Fv2%2Fcomments&post=1058"}],"version-history":[{"count":17,"href":"https:\/\/kuru.com.pl\/index.php?rest_route=\/wp\/v2\/pages\/1058\/revisions"}],"predecessor-version":[{"id":1385,"href":"https:\/\/kuru.com.pl\/index.php?rest_route=\/wp\/v2\/pages\/1058\/revisions\/1385"}],"wp:attachment":[{"href":"https:\/\/kuru.com.pl\/index.php?rest_route=%2Fwp%2Fv2%2Fmedia&parent=1058"}],"curies":[{"name":"wp","href":"https:\/\/api.w.org\/{rel}","templated":true}]}}